{"id":4671,"date":"2021-11-24T16:02:26","date_gmt":"2021-11-24T16:02:26","guid":{"rendered":"https:\/\/rezidans.alansuites.com\/4671-2\/"},"modified":"2021-11-24T16:02:26","modified_gmt":"2021-11-24T16:02:26","slug":"4671-2","status":"publish","type":"page","link":"https:\/\/rezidans.alansuites.com\/en\/4671-2\/","title":{"rendered":""},"content":{"rendered":"\n<h1 class=\"wp-block-heading\"><strong>Explicit Consent Text for Website Visitors<\/strong><\/h1>\n\n<p>The contact information of the persons visiting our website and filling out the form in order to obtain information are collected by G\u00f6zalan \u00d6zel E\u011fitim \u00d6\u011fretim Kurumlar\u0131 \u00d6\u011frenci Bar\u0131nma Hizmetleri Otelcilik ve Turizm A.\u015e. <strong>(\u201cAlan Suites\u201d) <\/strong>and also processed, stored electronically for a limited period of time, transferred, acting in the capacity of the data processor, to suppliers and third parties from whom services are received to be processed or stored taking into account the measured stipulated by the applicable regulations, and shared, acting in the capacity of the data processor, with relevant third parties to the extent necessary in compliance with the data protection and security measures for purposes of contacting you, carrying out our advertising, marketing and promotional activities, contacting you for any commercial and non-commercial purposes within the limitations of the <strong> <\/strong>Clarification Text <strong>on<\/strong> the Personal Data Protection for Website Visitors (the \u201c<strong>Clarification Text<\/strong>\u201d) made available to you in accordance with the relevant provisions of the Personal Data Protection Law no. 6698 (<strong>\u201cKVKK\u201d<\/strong>).<\/p>\n\n<ul class=\"wp-block-list\"><li>I have been provided with the necessary information regarding the particulars indicated above, and I have read<\/li><\/ul>\n\n<p>I have been provided with the necessary information regarding the particulars indicated above, and I have read,<\/p>\n\n<p>I hereby confirm that I give my explicit consent to the processing of my personal data for the purposes stated above and that the abovementioned data processing activities will be continued by Alan Suites unless I make a request for the deletion\/anonymization or destruction of my personal data.<\/p>\n\n<hr class=\"wp-block-separator\"\/>\n","protected":false},"excerpt":{"rendered":"<p>Explicit Consent Text for Website Visitors The contact information of the persons visiting our website and filling out the form in order to obtain information are collected by G\u00f6zalan \u00d6zel E\u011fitim \u00d6\u011fretim Kurumlar\u0131 \u00d6\u011frenci Bar\u0131nma Hizmetleri Otelcilik ve Turizm A.\u015e. [&hellip;]<\/p>\n","protected":false},"author":1,"featured_media":0,"parent":0,"menu_order":0,"comment_status":"closed","ping_status":"closed","template":"","meta":{"footnotes":""},"class_list":["post-4671","page","type-page","status-publish","hentry"],"_links":{"self":[{"href":"https:\/\/rezidans.alansuites.com\/en\/wp-json\/wp\/v2\/pages\/4671","targetHints":{"allow":["GET"]}}],"collection":[{"href":"https:\/\/rezidans.alansuites.com\/en\/wp-json\/wp\/v2\/pages"}],"about":[{"href":"https:\/\/rezidans.alansuites.com\/en\/wp-json\/wp\/v2\/types\/page"}],"author":[{"embeddable":true,"href":"https:\/\/rezidans.alansuites.com\/en\/wp-json\/wp\/v2\/users\/1"}],"replies":[{"embeddable":true,"href":"https:\/\/rezidans.alansuites.com\/en\/wp-json\/wp\/v2\/comments?post=4671"}],"version-history":[{"count":1,"href":"https:\/\/rezidans.alansuites.com\/en\/wp-json\/wp\/v2\/pages\/4671\/revisions"}],"predecessor-version":[{"id":4672,"href":"https:\/\/rezidans.alansuites.com\/en\/wp-json\/wp\/v2\/pages\/4671\/revisions\/4672"}],"wp:attachment":[{"href":"https:\/\/rezidans.alansuites.com\/en\/wp-json\/wp\/v2\/media?parent=4671"}],"curies":[{"name":"wp","href":"https:\/\/api.w.org\/{rel}","templated":true}]}}