{"id":4675,"date":"2021-11-24T21:26:49","date_gmt":"2021-11-24T21:26:49","guid":{"rendered":"https:\/\/rezidans.alansuites.com\/information-society-services\/"},"modified":"2021-11-24T21:26:53","modified_gmt":"2021-11-24T21:26:53","slug":"information-society-services","status":"publish","type":"page","link":"https:\/\/rezidans.alansuites.com\/en\/information-society-services\/","title":{"rendered":"Information Society Services"},"content":{"rendered":"\t\t<div data-elementor-type=\"wp-post\" data-elementor-id=\"4675\" class=\"elementor elementor-4675\" data-elementor-post-type=\"page\">\n\t\t\t\t\t\t<section class=\"elementor-section elementor-top-section elementor-element elementor-element-7256cf2 elementor-section-stretched elementor-section-full_width elementor-section-content-top elementor-section-height-default elementor-section-height-default\" data-id=\"7256cf2\" data-element_type=\"section\" data-settings=\"{&quot;stretch_section&quot;:&quot;section-stretched&quot;,&quot;background_background&quot;:&quot;classic&quot;}\">\n\t\t\t\t\t\t<div class=\"elementor-container elementor-column-gap-default\">\n\t\t\t\t\t<div class=\"elementor-column elementor-col-100 elementor-top-column elementor-element elementor-element-5d90b30\" data-id=\"5d90b30\" data-element_type=\"column\">\n\t\t\t<div class=\"elementor-widget-wrap elementor-element-populated\">\n\t\t\t\t\t\t<div class=\"elementor-element elementor-element-cff7162 animated-fast elementor-invisible elementor-widget elementor-widget-heading\" data-id=\"cff7162\" data-element_type=\"widget\" data-settings=\"{&quot;_animation&quot;:&quot;fadeInUp&quot;}\" data-widget_type=\"heading.default\">\n\t\t\t\t<div class=\"elementor-widget-container\">\n\t\t\t\t\t<h1 class=\"elementor-heading-title elementor-size-default\">Information Society Services<\/h1>\t\t\t\t<\/div>\n\t\t\t\t<\/div>\n\t\t\t\t<div class=\"elementor-element elementor-element-dd6ef25 animated-fast elementor-invisible elementor-widget elementor-widget-heading\" data-id=\"dd6ef25\" data-element_type=\"widget\" data-settings=\"{&quot;_animation&quot;:&quot;fadeInUp&quot;,&quot;_animation_delay&quot;:200}\" data-widget_type=\"heading.default\">\n\t\t\t\t<div class=\"elementor-widget-container\">\n\t\t\t\t\t<h2 class=\"elementor-heading-title elementor-size-default\">ALAN CONSTRUCTION Company\u2019s: Mersis Number: 0048002559100015 Trade Name: Alan \u0130n\u015faat Turizm Tekstil Alternatif Sporlar Ve Spor Malzemeleri Ticaret Anonim \u015eirketi Registered Address: Karayollar\u0131 Mah.563 Sok. No:1a\/3 Gaziosmanpa\u015fa \/ \u0130stanbul Amount of Subscribed and Paid Capital: TRY 1,500,000- Chairman and Members of the Board of Directors: Kerim G\u00f6zalan, Chairman of the Board of Directors Furkan G\u00f6zalan, Deputy Chairman of the Board of Directors Kerem G\u00f6zalan, Member of the Board of Directors Names and Last Names of Directors in Limited Liability Companies In the event a legal person is a member of the board of directors of an incorporated company or appointed as the director of a limited liability company, the information of the legal person Appointed Auditor\u2019s Name and Last Name \/ Trade Name \/ Registered Address \/ Registered Branch, if any: CON-TEKS A.\u015e. Mersis Number of the Company: 0211006170700016 Trade Name: Con-Teks \u0130\u00e7 Ve D\u0131\u015f Ticaret Anonim \u015eirketi Registered Address: Karayollar\u0131 Mah.563 Sokak No.1a\/2 Gaziosmanpa\u015fa \/ \u0130stanbul Amount of Subscribed and Paid Capital: TRY 14,200,000 Chairman and Members of the Board of Directors: Kerim G\u00f6zalan, Chairman of the Board of Directors Furkan G\u00f6zalan, Deputy Chairman of the Board of Directors Kerem G\u00f6zalan, Member of the Board of Directors Names and Last Names of Directors in Limited Liability Companies In the event a legal person is a member of the board of directors of an incorporated company or appointed as the director of a limited liability company, the information of the legal person Appointed Auditor\u2019s Name and Last Name \/ Trade Name \/ Registered Address \/ Registered Branch, if any: G\u00d6ZALAN Y\u00d6NET\u0130M A.\u015e. Mersis Number of the Company: 0410071620700019 Trade Name: G\u00f6zalan Y\u00f6netim Dan\u0131\u015fmanl\u0131k Anonim \u015eirketi Registered Address: Karayollar\u0131 563. No: No:1a\/1 Gaziosmanpa\u015fa \/ \u0130stanbul Amount of Subscribed and Paid Capital: TRY 50,000 Chairman and Members of the Board of Directors: Kerim G\u00f6zalan, Chairman of the Board of Directors Furkan G\u00f6zalan, Deputy Chairman of the Board of Directors Kerem G\u00f6zalan, Member of the Board of Directors Ferhan G\u00f6zalan, Member of the Board of Directors Names and Last Names of Directors in Limited Liability Companies In the event a legal person is a member of the board of directors of an incorporated company or appointed as the director of a limited liability company, the information of the legal person<\/h2>\t\t\t\t<\/div>\n\t\t\t\t<\/div>\n\t\t\t\t\t<\/div>\n\t\t<\/div>\n\t\t\t\t\t<\/div>\n\t\t<\/section>\n\t\t\t\t<\/div>\n\t\t","protected":false},"excerpt":{"rendered":"<p>ALAN CONSTRUCTION Company\u2019s: Mersis Number: 0048002559100015 Trade Name: Alan \u0130n\u015faat Turizm Tekstil Alternatif Sporlar Ve Spor Malzemeleri Ticaret Anonim \u015eirketi Registered Address: Karayollar\u0131 Mah.563 Sok. No:1a\/3 Gaziosmanpa\u015fa \/ \u0130stanbul Amount of Subscribed and Paid Capital: TRY 1,500,000- Chairman and Members [&hellip;]<\/p>\n","protected":false},"author":1,"featured_media":0,"parent":0,"menu_order":0,"comment_status":"closed","ping_status":"closed","template":"","meta":{"footnotes":""},"class_list":["post-4675","page","type-page","status-publish","hentry"],"_links":{"self":[{"href":"https:\/\/rezidans.alansuites.com\/en\/wp-json\/wp\/v2\/pages\/4675","targetHints":{"allow":["GET"]}}],"collection":[{"href":"https:\/\/rezidans.alansuites.com\/en\/wp-json\/wp\/v2\/pages"}],"about":[{"href":"https:\/\/rezidans.alansuites.com\/en\/wp-json\/wp\/v2\/types\/page"}],"author":[{"embeddable":true,"href":"https:\/\/rezidans.alansuites.com\/en\/wp-json\/wp\/v2\/users\/1"}],"replies":[{"embeddable":true,"href":"https:\/\/rezidans.alansuites.com\/en\/wp-json\/wp\/v2\/comments?post=4675"}],"version-history":[{"count":5,"href":"https:\/\/rezidans.alansuites.com\/en\/wp-json\/wp\/v2\/pages\/4675\/revisions"}],"predecessor-version":[{"id":4680,"href":"https:\/\/rezidans.alansuites.com\/en\/wp-json\/wp\/v2\/pages\/4675\/revisions\/4680"}],"wp:attachment":[{"href":"https:\/\/rezidans.alansuites.com\/en\/wp-json\/wp\/v2\/media?parent=4675"}],"curies":[{"name":"wp","href":"https:\/\/api.w.org\/{rel}","templated":true}]}}