{"id":4685,"date":"2021-11-24T21:41:28","date_gmt":"2021-11-24T21:41:28","guid":{"rendered":"https:\/\/rezidans.alansuites.com\/privacy-policy\/"},"modified":"2021-11-24T21:41:29","modified_gmt":"2021-11-24T21:41:29","slug":"privacy-policy","status":"publish","type":"page","link":"https:\/\/rezidans.alansuites.com\/en\/privacy-policy\/","title":{"rendered":"Privacy Policy"},"content":{"rendered":"\t\t<div data-elementor-type=\"wp-post\" data-elementor-id=\"4685\" class=\"elementor elementor-4685\" data-elementor-post-type=\"page\">\n\t\t\t\t\t\t<section class=\"elementor-section elementor-top-section elementor-element elementor-element-7256cf2 elementor-section-stretched elementor-section-content-top elementor-section-boxed elementor-section-height-default elementor-section-height-default\" data-id=\"7256cf2\" data-element_type=\"section\" data-settings=\"{&quot;stretch_section&quot;:&quot;section-stretched&quot;,&quot;background_background&quot;:&quot;classic&quot;}\">\n\t\t\t\t\t\t<div class=\"elementor-container elementor-column-gap-default\">\n\t\t\t\t\t<div class=\"elementor-column elementor-col-100 elementor-top-column elementor-element elementor-element-5d90b30\" data-id=\"5d90b30\" data-element_type=\"column\">\n\t\t\t<div class=\"elementor-widget-wrap elementor-element-populated\">\n\t\t\t\t\t\t<div class=\"elementor-element elementor-element-cff7162 animated-fast elementor-invisible elementor-widget elementor-widget-heading\" data-id=\"cff7162\" data-element_type=\"widget\" data-settings=\"{&quot;_animation&quot;:&quot;fadeInUp&quot;}\" data-widget_type=\"heading.default\">\n\t\t\t\t<div class=\"elementor-widget-container\">\n\t\t\t\t\t<h1 class=\"elementor-heading-title elementor-size-default\">Privacy Policy<\/h1>\t\t\t\t<\/div>\n\t\t\t\t<\/div>\n\t\t\t\t<div class=\"elementor-element elementor-element-dd6ef25 animated-fast elementor-invisible elementor-widget elementor-widget-heading\" data-id=\"dd6ef25\" data-element_type=\"widget\" data-settings=\"{&quot;_animation&quot;:&quot;fadeInUp&quot;,&quot;_animation_delay&quot;:200}\" data-widget_type=\"heading.default\">\n\t\t\t\t<div class=\"elementor-widget-container\">\n\t\t\t\t\t<h2 class=\"elementor-heading-title elementor-size-default\">G\u00f6zalan Group of Companies (including but not limited to G\u00f6zalan Y\u00f6netim Dan\u0131\u015fmanl\u0131k A.\u015e, G\u00f6zalan Ma\u011fazac\u0131l\u0131k Tekstil ve San. A.\u015e., Alan \u0130n\u015faat Turizm Tekstil Alternatif Sporlar ve Spor Malzemeleri Tic. A.\u015e., Con-teks \u0130\u00e7 ve D\u0131\u015f Ticaret A.\u015e., Pera Kamis Haz\u0131r Giyim Ticaret A.\u015e., G\u00f6zalan Gayrimenkul Geli\u015ftirme ve \u0130n\u015faat A.\u015e., G\u00f6zalan Anaokulu \u00d6zel E\u011fitim Hizmetleri A.\u015e., G\u00f6zalan \u00d6zel E\u011fitim \u00d6\u011fretim Kurumlar\u0131 \u00d6\u011frenci Bar\u0131nma Hizmetleri Otelcilik ve Turizm A.\u015e., as well as new companies to be included in G\u00f6zalan Group of Companies in the future) attaches utmost importance to the privacy and protection of the data you share with us, including your personal data. Our goal is to protect your privacy and ensure the security of the personal data you provide. Personal data processed by G\u00f6zalan Group of Companies are protected in the best way possible within the technical possibilities. G\u00f6zalan Group of Companies stores, processes and shares personal data with third parties for the purposes specified in this Privacy Policy. G\u00f6zalan Group of Companies will not use your personal data for any purposes that are not lawful and for purposes other than those specified herein. G\u00f6zalan Group of Companies will not use your personal data for any purposes that are not lawful and for purposes other than those specified herein. G\u00f6zalan Group of Companies reserves the right to make changes and updates to this Privacy Policy at any time without the prior consent of the users. You can access these changes and updates from the links provided to you or from the website of G\u00f6zalan Group of Companies at www.gozalangroup.com.tr (\u201cWebsite\u201d). 1. 1. In Which Situations and For What Purposes Is Your Personal Data Processed? G\u00f6zalan Group of Companies processes personal data based on one or more of the personal data processing conditions specified in Articles 5 and 6 of the KVKK and in accordance with the personal data processing principles specified in Article 4 of the KVKK. In all personal data processing activities it carries out, G\u00f6zalan Group of Companies acts in accordance with the obligations set out in all relevant legislation, in particular the KVKK. The purposes of processing personal data include, within the scope of the personal data processing conditions and purposes specified in Articles 5 and 6 of the KVKK, meeting the requests of G\u00f6zalan Group of Companies website users, communicating with users via e-mail or telephone as per their requests, evaluating complaints, and responding to the requests and suggestions of the persons contacting us.Your personal data may be processed for the purposes indicated. Data related to current website users may be obtained, recorded, stored, maintained, modified, rearranged or otherwise processed and shared with third parties, in whole or in part, by automatic or non-automatic means. In addition, in cases clearly set forth in the laws, the data of the customers are processed within the limits of the legitimate purposes below: (a) Provided that it is directly related to the establishment or performance of an agreement, it is necessary to process the personal data of the parties to that agreement; (b) It is mandatory for G\u00f6zalan Group of Companies to fulfill its legal obligations; (c) The personal data is made public by its Data Subject; and (d) Data processing is mandatory for the establishment, use and protection of a right. 2. 2. Method and Legal Reason for Collecting Your Personal Data Personal data is collected electronically by G\u00f6zalan Group of Companies in order to carry out our commercial activities and the abovementioned activities, which may vary depending on the products and services provided, through the Contact Form in the \u201cContact Us\u201d section of the website and based on the legal reasons specified. Personal data can also be processed and transferred for the purposes specified in this text, provided that it does not harm the fundamental rights and freedoms of the data person, within the scope of the conditions and purposes of processing personal data as specified in Articles 5 and 6 of the KVKK. Personal data processed within G\u00f6zalan Group of Companies can be updated and processed as long as the services offered are used. 3. 3. To Whom and For What Purposes the Processed Personal Data Can Be Transferred For the purposes specified above, your personal data may be transferred to third parties from whom services are obtained in the capacity of the data processor for such purposes as contacting the persons who request information about G\u00f6zalan Group of Companies, contacting users via e-mail or telephone in order to respond to the requests and suggestions of website users, providing information about G\u00f6zalan Group of Companies, handling complaints, and fulfilling legal responsibilities as per relevant miscellaneous legislation. In addition, for purposes of ensuring the legal and commercial security of our Company and those with whom our Company has business relationships, and determining and implementing our Company\u2019s commercial and business strategies, your personal data may be transferred to our business partners, out other group companies, our suppliers acting as data processors, legally authorized public institutions and private persons in accordance with the conditions and purposes of processing personal data as specified in Articles 8 and 9 of the KVKK. 4. 4. Cookies Cookies are small text files that are stored on the visitor\u2019s device (for example, computer or phone) when they visit a website and can contain data in name-value format. The text files in question can be interpreted by browsers and servers, and various pieces of information can be obtained about the device on which the website is visited, and therefore the user concerned. Today, almost every website uses cookies. When you visit our website, data such as your IP address, the name of your internet service provider (Explorer, Chrome, Firefox, etc.), the software version of your internet browser, the website that directed you to us and the search words you used to find our website are automatically anonymized and used for statistical purposes such as improving our website . G\u00f6zalan Group of Companies\u2019 website uses this information to analyze the traffic on the websites, look at the appearance of the pages and the time spent on each page, and provide you with better service the next time you visit our website. While this information is used to personally identify a user, it is kept in a consolidated and anonymous form. You have the option to configure your internet browser to notify you when you receive a cookie, and you always have the right to not use the cookie. You also have the option to block all cookies. However, if you refuse or block cookies, you may not be able to use all functions available on our website. 5. Your Legal Rights Regarding Your Processed Personal Data As a data subject, you can send us your requests regarding your rights at info@gozalan.com.tr. G\u00f6zalan Group of Companies will finalize the request as soon as possible and within thirty (30) days at the latest, depending on the nature of the request. In case the procedure leads to an additional cost, we will charge the fee indicated in the tariff determined by the Personal Data Protection Board. The real persons whose personal data is processed have the following rights as per Article 11 of the KVKK: To learn whether their personal data is processed; if processed, request information on the processing of their data; to learn the purpose of processing of personal data and whether the data is used according to its purpose; to know the third parties to whom the personal data is transferred within the country or abroad; to request for correction of their personal data if missing or inaccurate data is processed and request that the third parties to whom the personal data has been transferred are informed about the procedures done accordingly; to request for deletion or destruction of personal data in the event that the reasons requiring its processing have disappeared, although it has been processed in accordance with the provisions of the KVKK and other applicable laws, and request that the third parties to whom the personal data has been transferred are informed about the procedures done accordingly; to object to any result occurring against the User by analysis of the data processed exclusively through automatic systems; and to demand compensation of damages incurred due to processing of personal data in violation of the Law. If G\u00f6zalan Group of Companies is able to respond to such requests in writing, it will do so without a charge for up to ten pages and with a processing fee of 1 TL per each excess page over ten pages. If the response to the application is given in a recorded medium such as CD or a flash memory, the fee that may be requested by G\u00f6zalan Group of Companies will not exceed the cost of the recording medium.<\/h2>\t\t\t\t<\/div>\n\t\t\t\t<\/div>\n\t\t\t\t\t<\/div>\n\t\t<\/div>\n\t\t\t\t\t<\/div>\n\t\t<\/section>\n\t\t\t\t<\/div>\n\t\t","protected":false},"excerpt":{"rendered":"<p>G\u00f6zalan Group of Companies (including but not limited to G\u00f6zalan Y\u00f6netim Dan\u0131\u015fmanl\u0131k A.\u015e, G\u00f6zalan Ma\u011fazac\u0131l\u0131k Tekstil ve San. A.\u015e., Alan \u0130n\u015faat Turizm Tekstil Alternatif Sporlar ve Spor Malzemeleri Tic. A.\u015e., Con-teks \u0130\u00e7 ve D\u0131\u015f Ticaret A.\u015e., Pera Kamis Haz\u0131r Giyim [&hellip;]<\/p>\n","protected":false},"author":1,"featured_media":0,"parent":0,"menu_order":0,"comment_status":"closed","ping_status":"closed","template":"","meta":{"footnotes":""},"class_list":["post-4685","page","type-page","status-publish","hentry"],"_links":{"self":[{"href":"https:\/\/rezidans.alansuites.com\/en\/wp-json\/wp\/v2\/pages\/4685","targetHints":{"allow":["GET"]}}],"collection":[{"href":"https:\/\/rezidans.alansuites.com\/en\/wp-json\/wp\/v2\/pages"}],"about":[{"href":"https:\/\/rezidans.alansuites.com\/en\/wp-json\/wp\/v2\/types\/page"}],"author":[{"embeddable":true,"href":"https:\/\/rezidans.alansuites.com\/en\/wp-json\/wp\/v2\/users\/1"}],"replies":[{"embeddable":true,"href":"https:\/\/rezidans.alansuites.com\/en\/wp-json\/wp\/v2\/comments?post=4685"}],"version-history":[{"count":1,"href":"https:\/\/rezidans.alansuites.com\/en\/wp-json\/wp\/v2\/pages\/4685\/revisions"}],"predecessor-version":[{"id":4686,"href":"https:\/\/rezidans.alansuites.com\/en\/wp-json\/wp\/v2\/pages\/4685\/revisions\/4686"}],"wp:attachment":[{"href":"https:\/\/rezidans.alansuites.com\/en\/wp-json\/wp\/v2\/media?parent=4685"}],"curies":[{"name":"wp","href":"https:\/\/api.w.org\/{rel}","templated":true}]}}